{"id":14,"date":"2020-02-16T23:09:15","date_gmt":"2020-02-16T22:09:15","guid":{"rendered":"http:\/\/the-pretty-young-theater.ch\/?page_id=14"},"modified":"2026-03-02T10:20:49","modified_gmt":"2026-03-02T09:20:49","slug":"le-prof","status":"publish","type":"page","link":"https:\/\/the-pretty-young-theater.ch\/?page_id=14","title":{"rendered":"L&rsquo;Animateur"},"content":{"rendered":"<p style=\"text-align: left;\"><img loading=\"lazy\" decoding=\"async\" class=\"size-medium wp-image-164 alignleft\" src=\"https:\/\/the-pretty-young-theater.ch\/wp-content\/uploads\/2020\/02\/Antonio_Savino-1-225x300.jpg\" alt=\"Antonio Savino\" width=\"225\" height=\"300\" srcset=\"https:\/\/the-pretty-young-theater.ch\/wp-content\/uploads\/2020\/02\/Antonio_Savino-1-225x300.jpg 225w, https:\/\/the-pretty-young-theater.ch\/wp-content\/uploads\/2020\/02\/Antonio_Savino-1-768x1024.jpg 768w, https:\/\/the-pretty-young-theater.ch\/wp-content\/uploads\/2020\/02\/Antonio_Savino-1-1152x1536.jpg 1152w, https:\/\/the-pretty-young-theater.ch\/wp-content\/uploads\/2020\/02\/Antonio_Savino-1.jpg 1536w\" sizes=\"(max-width: 225px) 100vw, 225px\" \/>Mes premiers pas sur les planches se sont produits au Cycle d\u2019orientation, exactement en 8\u00e8me ann\u00e9e (10\u00e8me actuelle) et depuis je n\u2019ai cess\u00e9 de grandir et \u00e9voluer dans le milieu du th\u00e9\u00e2tre. Cela fait maintenant plus de 20 ans que je prends du plaisir dans cette activit\u00e9, qui m\u2019a permis de m\u2019\u00e9panouir et de grandir personnellement; et de rencontrer une pl\u00e9thore de personnes aussi diff\u00e9rentes que diverses, qui m\u2019ont enrichi de leur personnalit\u00e9 et exp\u00e9riences.<\/p>\r\n<p>&nbsp;<\/p>\r\n<p style=\"text-align: left;\">En 2010, alors membre et com\u00e9dien amateur de la troupe de Mosa\u00efque th\u00e9\u00e2tre \u00e0 Lully, le comit\u00e9 avec le metteur en sc\u00e8ne m\u2019ont propos\u00e9 la reprise des cours d\u2019atelier th\u00e9\u00e2tre des juniors, enfants \u00e2g\u00e9s de 8 \u00e0 12 ans. Une exp\u00e9rience qui m\u2019a fait d\u00e9couvrir l\u2019autre c\u00f4t\u00e9 du d\u00e9cors, de la production d\u2019une pi\u00e8ce \u00e0 la repr\u00e9sentation d&rsquo;un spectacle th\u00e9\u00e2tral de qualit\u00e9. Cela m\u2019a beaucoup plu au point de r\u00e9it\u00e9rer l\u2019exp\u00e9rience l\u2019ann\u00e9e suivante et celle d\u2019apr\u00e8s. Puis, ma vie professionnelle prenant un nouveau tournant, j\u2019ai d\u00fb mettre cette activit\u00e9 aussi enrichissante que ludique, qui m\u2019a fait d\u00e9couvrir le go\u00fbt de transmettre mon savoir, entre parenth\u00e8se.<\/p>\r\n<p style=\"text-align: left;\">Aujourd\u2019hui, nouvelle trajectoire autant personnelle que professionnelle, par une r\u00e9orientation dans le social en tant qu\u2019animateur, a r\u00e9ouvert l\u2019envie de transmettre. C\u2019est ainsi que l&rsquo;id\u00e9e d\u2019ouvrir un cours de th\u00e9\u00e2tre pour les enfants est n\u00e9e et de reprendre cette animation l\u00e0 o\u00f9 je l\u2019avais laiss\u00e9e quelques ann\u00e9es auparavant.<\/p>\r\n<p style=\"text-align: left;\">L\u2019envie de cr\u00e9er, d&rsquo;enseigner, faire d\u00e9couvrir et de laisser d\u00e9couvrir, vivre des \u00e9motions et des situations aussi diff\u00e9rentes que dr\u00f4les, aussi s\u00e9rieuses que comiques et de leur permettre d\u2019exp\u00e9rimenter \u00e0 leur tour \u00e9motions, confiance, expression et fiert\u00e9, m&rsquo;a prise enti\u00e8rement, me poussant \u00e0 ouvrir ces cours. Je suis un touche-\u00e0-tout, autodi<span style=\"font-size: 1rem;\">dacte, imaginatif, cr\u00e9atif, r\u00eaveur et id\u00e9aliste entre autre\u2026<\/span><\/p>\r\n<p style=\"text-align: left;\"><span style=\"font-size: 1rem;\">J\u2019aime aider les personnes, petites ou grandes, \u00e0 se surpasser, \u00e0 aller chercher en eux les ressources qui leur permettront d\u2019exploser en pleine lumi\u00e8re comme dans la vie, leur permettant au fil du temps de se sentir eux-m\u00eames, librement, confiant et en toute confiance.<\/span><\/p>\r\n<p style=\"text-align: left;\"><span style=\"font-size: 1rem;\">Le rideau est lev\u00e9 sur la sc\u00e8ne qui n&rsquo;attend plus que de nombreux petits pieds viennent fouler ses planches. Et s\u2019exprimer, d\u00e9clamer les premiers vers, les premi\u00e8res syllabes et entendre une foule d\u2019applaudissement r\u00e9compenser leurs efforts, leur implication, leur investissement.<\/span><\/p>\r\n<p><strong>Parcours<br \/><br \/><\/strong>Mise en sc\u00e8ne (d\u00e8s 2020)<br \/>&#8211; Master Class 2022 (spectacle enfants) juin 2022<br \/>&#8211; Comme les Grands de Florence Bonin (pi\u00e8ce pour enfants) juin 2023<br \/>&#8211; Le Souper de Jean-Claude Brisville (pi\u00e8ce adultes) novembre 2024<br \/>&#8211; En production Reprise au Th\u00e9\u00e2tre des Grottes : Le Souper de Jean-Claude Brisville (novembre 2025)<\/p>\r\n<p>Mosa\u00efque Th\u00e9\u00e2tre &#8211; Lully : <a href=\"http:\/\/www.mosaiquetheatre.ch\/\">mosaiquetheatre.ch<\/a><br \/>&#8211; Autour de Moli\u00e8re &#8211;\u00a0 Direction Michel VALLS<br \/>&#8211; Rencontres peu ordinaire de Philippe Caure &#8211; Direction Michel VALLS<br \/>&#8211; Portrait de Famille de Denise Bonal &#8211; Direction Michel VALLS<br \/>&#8211; Master Class &#8211; Direction Michel VALLS<br \/>&#8211; Les Belles-S\u0153urs de Eric Assous &#8211; Direction Michel VALLS<br \/>&#8211; Veill\u00e9e Fun\u00e8bre de Guy Foissy- Direction Michel VALLS<br \/>&#8211; Toc Toc de Laurent Baffie &#8211; Direction Michel VALLS<\/p>\r\n<p><!-- \/wp:post-content -->\r\n\r\n<!-- wp:paragraph --><\/p>\r\n<p>Troupe Satellites &#8211; Gen\u00e8ve<br \/>&#8211; Mendiants d&rsquo;Amour &#8211; Direction Jacqueline MICHAUD<\/p>\r\n<p><!-- \/wp:paragraph -->\r\n\r\n<!-- wp:paragraph --><\/p>\r\n<p>Th\u00e9\u00e2tre Art-ken-ciel &#8211; Onex : <a href=\"https:\/\/www.artkenciel.ch\/\">www.artkenciel.ch<\/a><br \/>&#8211; Master Class &#8211; Direction M. Michel VALLS<\/p>\r\n<p><!-- \/wp:paragraph -->\r\n\r\n<!-- wp:paragraph --><\/p>\r\n<p>Th\u00e9\u00e2tre de la Traverse &#8211; Gen\u00e8ve<br \/>&#8211; Sketches &#8211; Direction Raymond JOLY<\/p>\r\n<p>La Chancylienne &#8211; Chancy :\u00a0 <a href=\"https:\/\/www.lachancylienne.org\/\">https:\/\/www.lachancylienne.org<\/a>\/<br \/>&#8211; L&rsquo;an 2000 &#8211; Direction de No\u00ebl DAYEN <a href=\"https:\/\/www.lachancylienne.org\/archives-photos\">https:\/\/www.lachancylienne.org\/archives-photos<\/a><\/p>\r\n<p><!-- \/wp:paragraph -->\r\n\r\n<!-- wp:paragraph --><\/p>\r\n<!-- wp:paragraph \/-->","protected":false},"excerpt":{"rendered":"<p>Mes premiers pas sur les planches se sont produits au Cycle d\u2019orientation, exactement en 8\u00e8me ann\u00e9e (10\u00e8me actuelle) et depuis je n\u2019ai cess\u00e9 de grandir et \u00e9voluer dans le milieu du th\u00e9\u00e2tre. Cela fait maintenant plus de 20 ans que je prends du plaisir dans cette activit\u00e9, qui m\u2019a permis de m\u2019\u00e9panouir et de grandir &hellip; <\/p>\n<p class=\"link-more\"><a href=\"https:\/\/the-pretty-young-theater.ch\/?page_id=14\" class=\"more-link\">Continuer la lecture<span class=\"screen-reader-text\"> de &laquo;&nbsp;L&rsquo;Animateur&nbsp;&raquo;<\/span><\/a><\/p>\n","protected":false},"author":1,"featured_media":0,"parent":0,"menu_order":0,"comment_status":"closed","ping_status":"closed","template":"","meta":{"_et_pb_use_builder":"","_et_pb_old_content":"","_et_gb_content_width":"","footnotes":""},"class_list":["post-14","page","type-page","status-publish","hentry"],"jetpack_sharing_enabled":true,"_links":{"self":[{"href":"https:\/\/the-pretty-young-theater.ch\/index.php?rest_route=\/wp\/v2\/pages\/14","targetHints":{"allow":["GET"]}}],"collection":[{"href":"https:\/\/the-pretty-young-theater.ch\/index.php?rest_route=\/wp\/v2\/pages"}],"about":[{"href":"https:\/\/the-pretty-young-theater.ch\/index.php?rest_route=\/wp\/v2\/types\/page"}],"author":[{"embeddable":true,"href":"https:\/\/the-pretty-young-theater.ch\/index.php?rest_route=\/wp\/v2\/users\/1"}],"replies":[{"embeddable":true,"href":"https:\/\/the-pretty-young-theater.ch\/index.php?rest_route=%2Fwp%2Fv2%2Fcomments&post=14"}],"version-history":[{"count":31,"href":"https:\/\/the-pretty-young-theater.ch\/index.php?rest_route=\/wp\/v2\/pages\/14\/revisions"}],"predecessor-version":[{"id":882,"href":"https:\/\/the-pretty-young-theater.ch\/index.php?rest_route=\/wp\/v2\/pages\/14\/revisions\/882"}],"wp:attachment":[{"href":"https:\/\/the-pretty-young-theater.ch\/index.php?rest_route=%2Fwp%2Fv2%2Fmedia&parent=14"}],"curies":[{"name":"wp","href":"https:\/\/api.w.org\/{rel}","templated":true}]}}