{"id":17,"date":"2020-02-16T23:09:15","date_gmt":"2020-02-16T22:09:15","guid":{"rendered":"http:\/\/the-pretty-young-theater.ch\/?page_id=17"},"modified":"2026-03-02T10:19:20","modified_gmt":"2026-03-02T09:19:20","slug":"infos","status":"publish","type":"page","link":"https:\/\/the-pretty-young-theater.ch\/?page_id=17","title":{"rendered":"Cours Ateliers"},"content":{"rendered":"\r\n<p style=\"text-align: left;\"><strong style=\"font-size: 1rem;\">Lieu<br \/><\/strong>Aula de l&rsquo; Ecole des Libellules<br \/>Route de l&rsquo;Usine \u00e0 Gaz 16<br \/>1214 V<span style=\"font-size: 1rem;\">ernier<\/span><\/p>\r\n<p style=\"text-align: left;\"><strong>Enfants<br \/>Jeudis de 18h \u00e0 19h<br \/><\/strong><strong>pour les 9-12 ans<br \/><\/strong><\/p>\r\n<p><strong>Ados<br \/><\/strong><strong>Jeudis de 19h \u00e0 20h<br \/>pour les 13-15 ans<br \/><br \/><\/strong><strong>Adultes<\/strong><br \/><strong>Vendredis de 18h \u00e0 19h30<\/strong><\/p>\r\n\r\n\r\n\r\n\r\n\r\n<p><strong>(hors vacances scolaires &amp; manifestations scolaires)<br \/><\/strong><\/p>\r\n<p><strong>Initiation et D\u00e9couverte<br \/><\/strong><\/p>\r\n<p><strong>Reprise <\/strong><strong style=\"font-size: 1rem;\">des Ateliers<br \/>le <\/strong><strong style=\"font-size: 1rem;\">20 ao\u00fbt 2026 (enfants et ados)<br \/>le 21 ao\u00fbt 2026 (adultes)<\/strong><\/p>\r\n<p><strong>De la rentr\u00e9e \u00e0 fin septembre : mois d&rsquo;essais<br \/><br \/>Tarifs<\/strong> (pour une ann\u00e9e scolaire)<br \/><strong>Enfants et Ados: CHF 250.-<br \/>Adultes \u00a0 \u00a0 \u00a0 \u00a0 \u00a0 \u00a0 \u00a0 \u00a0 \u00a0 \u00a0: CHF 350.-<\/strong><\/p>\r\n<p style=\"text-align: right;\"><strong><span style=\"color: #0000ff;\"><em>Nouvelle Formule<\/em><\/span><\/strong> :<br \/>De part mon exp\u00e9rience nouvelle d&rsquo;activit\u00e9 :<br \/>Productions d&rsquo;une pi\u00e8ce de th\u00e9\u00e2tre \u00e0 l&rsquo;inscription (pour adultes uniquement) sans passer par des ateliers : CHF 700.&#8211;. Compter une ann\u00e9e civile.<\/p>\r\n<p style=\"text-align: left;\"><br \/><span style=\"color: #ff0000;\"><strong>CHEQUES FAMILLE ACCEPTES<\/strong><\/span><\/p>\r\n<p>&nbsp;<\/p>\r\n\r\n\r\n\r\n<h1 style=\"border: 1px solid black; padding: 10px; text-align: center;\">Les ateliers th\u00e9\u00e2tre se d\u00e9roulent<br \/><strong>Tous les jeudis et vendredis <br \/><\/strong><strong>\u00e0 18h<\/strong><\/h1>\r\n\r\n<p>&nbsp;<\/p>\r\n\r\n<div style=\"border: 1px solid black; padding: 10px; text-align: center;\"><strong>INSCRIVEZ_VOUS ! \ud83d\ude42<br \/>\u00a0<span id=\"sample-permalink\"><a href=\"https:\/\/the-pretty-young-theater.ch\/contact\/\">https:\/\/the-pretty-young-theater.ch\/<span id=\"editable-post-name\">contact<\/span>\/<\/a><\/span><\/strong><\/div>\r\n<div>\u00a0<\/div>\r\n\r\n<p>&nbsp;<\/p>\r\n\r\n<p>&nbsp;<\/p>\r\n","protected":false},"excerpt":{"rendered":"<p>LieuAula de l&rsquo; Ecole des LibellulesRoute de l&rsquo;Usine \u00e0 Gaz 161214 Vernier EnfantsJeudis de 18h \u00e0 19hpour les 9-12 ans AdosJeudis de 19h \u00e0 20hpour les 13-15 ans AdultesVendredis de 18h \u00e0 19h30 (hors vacances scolaires &amp; manifestations scolaires) Initiation et D\u00e9couverte Reprise des Ateliersle 20 ao\u00fbt 2026 (enfants et ados)le 21 ao\u00fbt 2026 (adultes) &hellip; <\/p>\n<p class=\"link-more\"><a href=\"https:\/\/the-pretty-young-theater.ch\/?page_id=17\" class=\"more-link\">Continuer la lecture<span class=\"screen-reader-text\"> de &laquo;&nbsp;Cours Ateliers&nbsp;&raquo;<\/span><\/a><\/p>\n","protected":false},"author":1,"featured_media":0,"parent":606,"menu_order":0,"comment_status":"closed","ping_status":"closed","template":"","meta":{"_et_pb_use_builder":"off","_et_pb_old_content":"","_et_gb_content_width":"","footnotes":""},"class_list":["post-17","page","type-page","status-publish","hentry"],"jetpack_sharing_enabled":true,"_links":{"self":[{"href":"https:\/\/the-pretty-young-theater.ch\/index.php?rest_route=\/wp\/v2\/pages\/17","targetHints":{"allow":["GET"]}}],"collection":[{"href":"https:\/\/the-pretty-young-theater.ch\/index.php?rest_route=\/wp\/v2\/pages"}],"about":[{"href":"https:\/\/the-pretty-young-theater.ch\/index.php?rest_route=\/wp\/v2\/types\/page"}],"author":[{"embeddable":true,"href":"https:\/\/the-pretty-young-theater.ch\/index.php?rest_route=\/wp\/v2\/users\/1"}],"replies":[{"embeddable":true,"href":"https:\/\/the-pretty-young-theater.ch\/index.php?rest_route=%2Fwp%2Fv2%2Fcomments&post=17"}],"version-history":[{"count":97,"href":"https:\/\/the-pretty-young-theater.ch\/index.php?rest_route=\/wp\/v2\/pages\/17\/revisions"}],"predecessor-version":[{"id":881,"href":"https:\/\/the-pretty-young-theater.ch\/index.php?rest_route=\/wp\/v2\/pages\/17\/revisions\/881"}],"up":[{"embeddable":true,"href":"https:\/\/the-pretty-young-theater.ch\/index.php?rest_route=\/wp\/v2\/pages\/606"}],"wp:attachment":[{"href":"https:\/\/the-pretty-young-theater.ch\/index.php?rest_route=%2Fwp%2Fv2%2Fmedia&parent=17"}],"curies":[{"name":"wp","href":"https:\/\/api.w.org\/{rel}","templated":true}]}}