{"id":222,"date":"2021-01-30T17:51:11","date_gmt":"2021-01-30T16:51:11","guid":{"rendered":"http:\/\/the-pretty-young-theater.ch\/?page_id=222"},"modified":"2026-03-02T11:05:42","modified_gmt":"2026-03-02T10:05:42","slug":"parcours-personnel","status":"publish","type":"page","link":"https:\/\/the-pretty-young-theater.ch\/?page_id=222","title":{"rendered":"O\u00f9 ?"},"content":{"rendered":"\r\n\r\n\r\n<p>Adresse <img loading=\"lazy\" decoding=\"async\" class=\"wp-image-894 alignright\" src=\"https:\/\/the-pretty-young-theater.ch\/wp-content\/uploads\/2026\/03\/AdresseEcole.png\" alt=\"\" width=\"141\" height=\"141\" srcset=\"https:\/\/the-pretty-young-theater.ch\/wp-content\/uploads\/2026\/03\/AdresseEcole.png 1024w, https:\/\/the-pretty-young-theater.ch\/wp-content\/uploads\/2026\/03\/AdresseEcole-300x300.png 300w, https:\/\/the-pretty-young-theater.ch\/wp-content\/uploads\/2026\/03\/AdresseEcole-150x150.png 150w, https:\/\/the-pretty-young-theater.ch\/wp-content\/uploads\/2026\/03\/AdresseEcole-768x768.png 768w, https:\/\/the-pretty-young-theater.ch\/wp-content\/uploads\/2026\/03\/AdresseEcole-100x100.png 100w\" sizes=\"(max-width: 141px) 100vw, 141px\" \/><\/p>\r\n<p>Ecole des Libellules (aula)<br \/>16, rue de l&rsquo;Usine-\u00e0-Gaz &#8211; 1214 Vernier<br \/>(gps 46\u00b012&rsquo;24.6&Prime;N 6\u00b006&rsquo;26.3&Prime;E)<\/p>\r\n<p>&nbsp;<\/p>\r\n<p>Comment s&rsquo;y rendre<\/p>\r\n<p>En bus 7, 9, 22, 23, 28 &amp; 51<br \/><br \/>9 et 51 &#8211; arr\u00eat USINE A GAZ \u00a0<br \/>22 23 &#8211; arr\u00eat AIN<br \/>(en direction de l&rsquo;a\u00e9roport ou Nation passer par le passage souterrain \u00e0 cot\u00e9 de l&rsquo;arr\u00eat)<br \/>7 et 28 &#8211; arr\u00eat PONT-BUTIN\u00a0<\/p>\r\n<p><img loading=\"lazy\" decoding=\"async\" class=\"aligncenter wp-image-886 size-full\" src=\"https:\/\/the-pretty-young-theater.ch\/wp-content\/uploads\/2026\/03\/Capture-decran-2026-03-02-a-10.32.32-1.png\" alt=\"\" width=\"1396\" height=\"934\" srcset=\"https:\/\/the-pretty-young-theater.ch\/wp-content\/uploads\/2026\/03\/Capture-decran-2026-03-02-a-10.32.32-1.png 1396w, https:\/\/the-pretty-young-theater.ch\/wp-content\/uploads\/2026\/03\/Capture-decran-2026-03-02-a-10.32.32-1-300x201.png 300w, https:\/\/the-pretty-young-theater.ch\/wp-content\/uploads\/2026\/03\/Capture-decran-2026-03-02-a-10.32.32-1-1024x685.png 1024w, https:\/\/the-pretty-young-theater.ch\/wp-content\/uploads\/2026\/03\/Capture-decran-2026-03-02-a-10.32.32-1-768x514.png 768w, https:\/\/the-pretty-young-theater.ch\/wp-content\/uploads\/2026\/03\/Capture-decran-2026-03-02-a-10.32.32-1-1080x723.png 1080w\" sizes=\"(max-width: 706px) 89vw, (max-width: 767px) 82vw, 740px\" \/><\/p>\r\n<p><a href=\"https:\/\/www.google.com\/maps\/place\/46\u00b012'24.6%22N+6\u00b006'26.3%22E\/@46.2054314,6.1061124,17z\/data=!4m4!3m3!8m2!3d46.2068333!4d6.1073056?entry=ttu&amp;g_ep=EgoyMDI2MDIyNS4wIKXMDSoASAFQAw%3D%3D\"><img loading=\"lazy\" decoding=\"async\" class=\"alignright wp-image-893 size-full\" src=\"https:\/\/the-pretty-young-theater.ch\/wp-content\/uploads\/2026\/03\/Capture-decran-2026-03-02-a-10.44.10-1.png\" alt=\"\" width=\"1493\" height=\"968\" srcset=\"https:\/\/the-pretty-young-theater.ch\/wp-content\/uploads\/2026\/03\/Capture-decran-2026-03-02-a-10.44.10-1.png 1493w, https:\/\/the-pretty-young-theater.ch\/wp-content\/uploads\/2026\/03\/Capture-decran-2026-03-02-a-10.44.10-1-300x195.png 300w, https:\/\/the-pretty-young-theater.ch\/wp-content\/uploads\/2026\/03\/Capture-decran-2026-03-02-a-10.44.10-1-1024x664.png 1024w, https:\/\/the-pretty-young-theater.ch\/wp-content\/uploads\/2026\/03\/Capture-decran-2026-03-02-a-10.44.10-1-768x498.png 768w, https:\/\/the-pretty-young-theater.ch\/wp-content\/uploads\/2026\/03\/Capture-decran-2026-03-02-a-10.44.10-1-1080x700.png 1080w\" sizes=\"(max-width: 706px) 89vw, (max-width: 767px) 82vw, 740px\" \/><\/a><\/p>\r\n<p>&nbsp;<\/p>\r\n<p>&nbsp;<\/p>\r\n<p>&nbsp;<\/p>\r\n","protected":false},"excerpt":{"rendered":"<p>Adresse Ecole des Libellules (aula)16, rue de l&rsquo;Usine-\u00e0-Gaz &#8211; 1214 Vernier(gps 46\u00b012&rsquo;24.6&Prime;N 6\u00b006&rsquo;26.3&Prime;E) &nbsp; Comment s&rsquo;y rendre En bus 7, 9, 22, 23, 28 &amp; 51 9 et 51 &#8211; arr\u00eat USINE A GAZ \u00a022 23 &#8211; arr\u00eat AIN(en direction de l&rsquo;a\u00e9roport ou Nation passer par le passage souterrain \u00e0 cot\u00e9 de l&rsquo;arr\u00eat)7 et 28 &hellip; <\/p>\n<p class=\"link-more\"><a href=\"https:\/\/the-pretty-young-theater.ch\/?page_id=222\" class=\"more-link\">Continuer la lecture<span class=\"screen-reader-text\"> de &laquo;&nbsp;O\u00f9 ?&nbsp;&raquo;<\/span><\/a><\/p>\n","protected":false},"author":2,"featured_media":0,"parent":0,"menu_order":0,"comment_status":"closed","ping_status":"closed","template":"","meta":{"_et_pb_use_builder":"off","_et_pb_old_content":"","_et_gb_content_width":"","footnotes":""},"class_list":["post-222","page","type-page","status-publish","hentry"],"jetpack_sharing_enabled":true,"_links":{"self":[{"href":"https:\/\/the-pretty-young-theater.ch\/index.php?rest_route=\/wp\/v2\/pages\/222","targetHints":{"allow":["GET"]}}],"collection":[{"href":"https:\/\/the-pretty-young-theater.ch\/index.php?rest_route=\/wp\/v2\/pages"}],"about":[{"href":"https:\/\/the-pretty-young-theater.ch\/index.php?rest_route=\/wp\/v2\/types\/page"}],"author":[{"embeddable":true,"href":"https:\/\/the-pretty-young-theater.ch\/index.php?rest_route=\/wp\/v2\/users\/2"}],"replies":[{"embeddable":true,"href":"https:\/\/the-pretty-young-theater.ch\/index.php?rest_route=%2Fwp%2Fv2%2Fcomments&post=222"}],"version-history":[{"count":41,"href":"https:\/\/the-pretty-young-theater.ch\/index.php?rest_route=\/wp\/v2\/pages\/222\/revisions"}],"predecessor-version":[{"id":896,"href":"https:\/\/the-pretty-young-theater.ch\/index.php?rest_route=\/wp\/v2\/pages\/222\/revisions\/896"}],"wp:attachment":[{"href":"https:\/\/the-pretty-young-theater.ch\/index.php?rest_route=%2Fwp%2Fv2%2Fmedia&parent=222"}],"curies":[{"name":"wp","href":"https:\/\/api.w.org\/{rel}","templated":true}]}}