{"id":297,"date":"2021-07-18T18:29:44","date_gmt":"2021-07-18T16:29:44","guid":{"rendered":"http:\/\/the-pretty-young-theater.ch\/?page_id=297"},"modified":"2025-08-19T21:00:17","modified_gmt":"2025-08-19T19:00:17","slug":"les-cours","status":"publish","type":"page","link":"https:\/\/the-pretty-young-theater.ch\/?page_id=297","title":{"rendered":"Les Cours"},"content":{"rendered":"<p>Les cours se d\u00e9composeront en exercices de<\/p>\n<ul>\n<li>Chant &#8211; Musique<\/li>\n<li>Diction<\/li>\n<li>Voix<\/li>\n<li>Pr\u00e9sence<\/li>\n<li>D\u00e9placement sc\u00e9nique<\/li>\n<li>Production de pi\u00e8ces<\/li>\n<\/ul>\n<p>ainsi que<\/p>\n<ul>\n<li>D\u00e9cors<\/li>\n<li>Costume<\/li>\n<li>Eclairage<\/li>\n<li>R\u00e9gie<\/li>\n<li>Sons &amp; Musique<\/li>\n<\/ul>\n","protected":false},"excerpt":{"rendered":"<p>Les cours se d\u00e9composeront en exercices de Chant &#8211; Musique Diction Voix Pr\u00e9sence D\u00e9placement sc\u00e9nique Production de pi\u00e8ces ainsi que D\u00e9cors Costume Eclairage R\u00e9gie Sons &amp; Musique<\/p>\n","protected":false},"author":2,"featured_media":0,"parent":0,"menu_order":0,"comment_status":"closed","ping_status":"closed","template":"","meta":{"_et_pb_use_builder":"","_et_pb_old_content":"","_et_gb_content_width":"","footnotes":""},"class_list":["post-297","page","type-page","status-publish","hentry"],"jetpack_sharing_enabled":true,"_links":{"self":[{"href":"https:\/\/the-pretty-young-theater.ch\/index.php?rest_route=\/wp\/v2\/pages\/297","targetHints":{"allow":["GET"]}}],"collection":[{"href":"https:\/\/the-pretty-young-theater.ch\/index.php?rest_route=\/wp\/v2\/pages"}],"about":[{"href":"https:\/\/the-pretty-young-theater.ch\/index.php?rest_route=\/wp\/v2\/types\/page"}],"author":[{"embeddable":true,"href":"https:\/\/the-pretty-young-theater.ch\/index.php?rest_route=\/wp\/v2\/users\/2"}],"replies":[{"embeddable":true,"href":"https:\/\/the-pretty-young-theater.ch\/index.php?rest_route=%2Fwp%2Fv2%2Fcomments&post=297"}],"version-history":[{"count":5,"href":"https:\/\/the-pretty-young-theater.ch\/index.php?rest_route=\/wp\/v2\/pages\/297\/revisions"}],"predecessor-version":[{"id":807,"href":"https:\/\/the-pretty-young-theater.ch\/index.php?rest_route=\/wp\/v2\/pages\/297\/revisions\/807"}],"wp:attachment":[{"href":"https:\/\/the-pretty-young-theater.ch\/index.php?rest_route=%2Fwp%2Fv2%2Fmedia&parent=297"}],"curies":[{"name":"wp","href":"https:\/\/api.w.org\/{rel}","templated":true}]}}