{"id":422,"date":"2021-09-12T19:12:44","date_gmt":"2021-09-12T17:12:44","guid":{"rendered":"http:\/\/the-pretty-young-theater.ch\/?page_id=422"},"modified":"2025-06-26T14:15:58","modified_gmt":"2025-06-26T12:15:58","slug":"productions-enfants","status":"publish","type":"page","link":"https:\/\/the-pretty-young-theater.ch\/?page_id=422","title":{"rendered":"Productions Enfants"},"content":{"rendered":"<h2><strong>Spectacle 2022<\/strong><\/h2>\n<p><img loading=\"lazy\" decoding=\"async\" class=\"wp-image-573 alignright\" src=\"https:\/\/the-pretty-young-theater.ch\/wp-content\/uploads\/2022\/05\/Flyers_Master_Class_2022-1-e1653400862957.jpg\" alt=\"\" width=\"248\" height=\"351\" \/>Premi\u00e8re sc\u00e8ne th\u00e9\u00e2trale pour les petits com\u00e9diens, qui, au bout d&rsquo;une ann\u00e9e scolaire, ont invent\u00e9 et imagin\u00e9 ce spectacle sur la base des exercices effectu\u00e9s durant l&rsquo;ann\u00e9e. Ils ont pris beaucoup de plaisir \u00e0 jouer, malgr\u00e9 le trac.<\/p>\n<p>Seules consignes donn\u00e9es furent un lieu (montagne et dans un bar).<\/p>\n<p>Prochaine production d\u00e9j\u00e0 dans les starting-blocks \ud83d\ude42<\/p>\n<p><a href=\"https:\/\/the-pretty-young-theater.ch\/wp-content\/uploads\/2022\/05\/Flyers_Master_Class_2022-1.pdf\">Flyers_Master_Class_2022<\/a><\/p>\n<p>&nbsp;<\/p>\n<h2 style=\"text-align: left;\"><strong> \u00ab\u00a0Comme les Grands\u00a0\u00bb de Florence Bonin (2023)<\/strong><\/h2>\n<p><img loading=\"lazy\" decoding=\"async\" class=\"wp-image-648 alignleft\" src=\"https:\/\/the-pretty-young-theater.ch\/wp-content\/uploads\/2023\/06\/PHOTO-2023-06-08-15-59-15-709x1024.jpg\" alt=\"\" width=\"266\" height=\"385\" \/><\/p>\n<p>Sayn\u00e8tes faciles \u00e0 m\u00e9moriser et \u00e0 jouer. Ces diff\u00e9rents tableaux emm\u00e8neront les enfants dans l&rsquo;univers de la com\u00e9die et les entra\u00eeneront \u00e0 monter leur spectacle de th\u00e9\u00e2tre avec plaisir.<br \/>\nJouer avec les mots, jouer avec et devant les autres, jouer \u00e0 \u00eatre quelqu&rsquo;un d&rsquo;autre, jouer, jouer, jouer&#8230; C&rsquo;est bien que les enfants adorent.<br \/>\nOui, mais attention&#8230;<\/p>\n<p>COMME LES GRANDS !<br \/>\n<a href=\"https:\/\/the-pretty-young-theater.ch\/wp-content\/uploads\/2023\/06\/PHOTO-2023-06-08-15-59-15.pdf\">PHOTO-2023-06-08-15-59-15<\/a><\/p>\n<p>&nbsp;<\/p>\n<p>&nbsp;<\/p>\n<p>&nbsp;<\/p>\n<p>&nbsp;<\/p>\n<p>Pas de production th\u00e9\u00e2trale enfants et ados 2024<\/p>\n","protected":false},"excerpt":{"rendered":"<p>Spectacle 2022 Premi\u00e8re sc\u00e8ne th\u00e9\u00e2trale pour les petits com\u00e9diens, qui, au bout d&rsquo;une ann\u00e9e scolaire, ont invent\u00e9 et imagin\u00e9 ce spectacle sur la base des exercices effectu\u00e9s durant l&rsquo;ann\u00e9e. Ils ont pris beaucoup de plaisir \u00e0 jouer, malgr\u00e9 le trac. Seules consignes donn\u00e9es furent un lieu (montagne et dans un bar). Prochaine production d\u00e9j\u00e0 dans &hellip; <\/p>\n<p class=\"link-more\"><a href=\"https:\/\/the-pretty-young-theater.ch\/?page_id=422\" class=\"more-link\">Continuer la lecture<span class=\"screen-reader-text\"> de &laquo;&nbsp;Productions Enfants&nbsp;&raquo;<\/span><\/a><\/p>\n","protected":false},"author":2,"featured_media":172,"parent":0,"menu_order":0,"comment_status":"closed","ping_status":"closed","template":"","meta":{"_et_pb_use_builder":"off","_et_pb_old_content":"","_et_gb_content_width":"","footnotes":""},"class_list":["post-422","page","type-page","status-publish","has-post-thumbnail","hentry"],"jetpack_sharing_enabled":true,"_links":{"self":[{"href":"https:\/\/the-pretty-young-theater.ch\/index.php?rest_route=\/wp\/v2\/pages\/422","targetHints":{"allow":["GET"]}}],"collection":[{"href":"https:\/\/the-pretty-young-theater.ch\/index.php?rest_route=\/wp\/v2\/pages"}],"about":[{"href":"https:\/\/the-pretty-young-theater.ch\/index.php?rest_route=\/wp\/v2\/types\/page"}],"author":[{"embeddable":true,"href":"https:\/\/the-pretty-young-theater.ch\/index.php?rest_route=\/wp\/v2\/users\/2"}],"replies":[{"embeddable":true,"href":"https:\/\/the-pretty-young-theater.ch\/index.php?rest_route=%2Fwp%2Fv2%2Fcomments&post=422"}],"version-history":[{"count":32,"href":"https:\/\/the-pretty-young-theater.ch\/index.php?rest_route=\/wp\/v2\/pages\/422\/revisions"}],"predecessor-version":[{"id":795,"href":"https:\/\/the-pretty-young-theater.ch\/index.php?rest_route=\/wp\/v2\/pages\/422\/revisions\/795"}],"wp:featuredmedia":[{"embeddable":true,"href":"https:\/\/the-pretty-young-theater.ch\/index.php?rest_route=\/wp\/v2\/media\/172"}],"wp:attachment":[{"href":"https:\/\/the-pretty-young-theater.ch\/index.php?rest_route=%2Fwp%2Fv2%2Fmedia&parent=422"}],"curies":[{"name":"wp","href":"https:\/\/api.w.org\/{rel}","templated":true}]}}