{"id":735,"date":"2025-03-07T08:42:10","date_gmt":"2025-03-07T07:42:10","guid":{"rendered":"http:\/\/the-pretty-young-theater.ch\/?page_id=735"},"modified":"2026-03-02T10:16:33","modified_gmt":"2026-03-02T09:16:33","slug":"production-adultes","status":"publish","type":"page","link":"https:\/\/the-pretty-young-theater.ch\/?page_id=735","title":{"rendered":"Production Adultes"},"content":{"rendered":"<p>Spectacle novembre 2024 \u00e0 Vernier<br \/>\nNovembre 2025 au th\u00e9\u00e2tre des Grottes<\/p>\n<p><img loading=\"lazy\" decoding=\"async\" class=\"alignnone size-full wp-image-707\" src=\"https:\/\/the-pretty-young-theater.ch\/wp-content\/uploads\/2024\/07\/AfficheSouper.jpeg\" alt=\"\" width=\"709\" height=\"1000\" srcset=\"https:\/\/the-pretty-young-theater.ch\/wp-content\/uploads\/2024\/07\/AfficheSouper.jpeg 709w, https:\/\/the-pretty-young-theater.ch\/wp-content\/uploads\/2024\/07\/AfficheSouper-213x300.jpeg 213w\" sizes=\"(max-width: 709px) 100vw, 709px\" \/><\/p>\n","protected":false},"excerpt":{"rendered":"<p>Spectacle novembre 2024 \u00e0 Vernier Novembre 2025 au th\u00e9\u00e2tre des Grottes<\/p>\n","protected":false},"author":2,"featured_media":0,"parent":0,"menu_order":0,"comment_status":"closed","ping_status":"closed","template":"","meta":{"_et_pb_use_builder":"","_et_pb_old_content":"","_et_gb_content_width":"","footnotes":""},"class_list":["post-735","page","type-page","status-publish","hentry"],"jetpack_sharing_enabled":true,"_links":{"self":[{"href":"https:\/\/the-pretty-young-theater.ch\/index.php?rest_route=\/wp\/v2\/pages\/735","targetHints":{"allow":["GET"]}}],"collection":[{"href":"https:\/\/the-pretty-young-theater.ch\/index.php?rest_route=\/wp\/v2\/pages"}],"about":[{"href":"https:\/\/the-pretty-young-theater.ch\/index.php?rest_route=\/wp\/v2\/types\/page"}],"author":[{"embeddable":true,"href":"https:\/\/the-pretty-young-theater.ch\/index.php?rest_route=\/wp\/v2\/users\/2"}],"replies":[{"embeddable":true,"href":"https:\/\/the-pretty-young-theater.ch\/index.php?rest_route=%2Fwp%2Fv2%2Fcomments&post=735"}],"version-history":[{"count":4,"href":"https:\/\/the-pretty-young-theater.ch\/index.php?rest_route=\/wp\/v2\/pages\/735\/revisions"}],"predecessor-version":[{"id":878,"href":"https:\/\/the-pretty-young-theater.ch\/index.php?rest_route=\/wp\/v2\/pages\/735\/revisions\/878"}],"wp:attachment":[{"href":"https:\/\/the-pretty-young-theater.ch\/index.php?rest_route=%2Fwp%2Fv2%2Fmedia&parent=735"}],"curies":[{"name":"wp","href":"https:\/\/api.w.org\/{rel}","templated":true}]}}